{"id":728,"date":"2019-02-21T18:26:51","date_gmt":"2019-02-21T17:26:51","guid":{"rendered":"https:\/\/www.baerenfunk.de\/?page_id=728"},"modified":"2019-02-21T18:26:51","modified_gmt":"2019-02-21T17:26:51","slug":"kinopremiere-in-walsrode","status":"publish","type":"page","link":"https:\/\/www.baerenfunk.de\/index.php\/kinopremiere-in-walsrode\/","title":{"rendered":"Kinopremiere in Walsrode"},"content":{"rendered":"\n<p>Jan, DK1OM besuchte uns auf unserem OV-Abend und lud zur  Einladung zur Kinopremiere des Films zum ISS-Kontakt ein. Nat\u00fcrlich wollten sich einige von uns nicht die Chance entgehen lassen die Walsroder OMs kennzulernen und den Film auf einer Gro\u00dfbild-Leinwand zu sehen. Und da ein gemeisamer Ausflug immer mehr Spa\u00df macht, als alleine im PKW zu setzen, fragten wir beim ASB an, ob er uns ein Fahrzeug f\u00fcr die Fahrt nach Walsrode zu Verf\u00fcgung stellen k\u00f6nne. Das hat geklappt und so machte sich eine kleine Abordnung von Funkamateuren auf den Weg nach Walsrode. Nun &#8211; es hat sich gelohnt. Das Kino war mit 160 (!!!) Zuschauer*innen gut gef\u00fcllt und das Thema Amateurfunk wurde so auch einem gr\u00f6\u00dferen Publikum zug\u00e4nglich. Nach dem Film gab es nat\u00fcrlich noch eine gemeinsame &#8222;After Show Party&#8220; mit der M\u00f6glichkeit zu Gespr\u00e4chen mit den Soltauer OMs, den Filmemachern und den Sponsoren des Schulkontaktes.<\/p>\n\n\n\n<ul class=\"wp-block-gallery columns-3 is-cropped wp-block-gallery-1 is-layout-flex wp-block-gallery-is-layout-flex\"><li class=\"blocks-gallery-item\"><figure><img loading=\"lazy\" decoding=\"async\" width=\"1024\" height=\"545\" src=\"https:\/\/www.baerenfunk.de\/wp-content\/uploads\/2019\/02\/Walsrode_1-1024x545.jpg\" alt=\"\" data-id=\"729\" data-link=\"https:\/\/www.baerenfunk.de\/?attachment_id=729\" class=\"wp-image-729\" srcset=\"https:\/\/www.baerenfunk.de\/wp-content\/uploads\/2019\/02\/Walsrode_1-1024x545.jpg 1024w, https:\/\/www.baerenfunk.de\/wp-content\/uploads\/2019\/02\/Walsrode_1-300x160.jpg 300w, https:\/\/www.baerenfunk.de\/wp-content\/uploads\/2019\/02\/Walsrode_1-768x409.jpg 768w, https:\/\/www.baerenfunk.de\/wp-content\/uploads\/2019\/02\/Walsrode_1.jpg 1938w\" sizes=\"(max-width: 767px) 89vw, (max-width: 1000px) 54vw, (max-width: 1071px) 543px, 580px\" \/><figcaption>Gleich gehts los&#8230;<\/figcaption><\/figure><\/li><li class=\"blocks-gallery-item\"><figure><img loading=\"lazy\" decoding=\"async\" width=\"1024\" height=\"581\" src=\"https:\/\/www.baerenfunk.de\/wp-content\/uploads\/2019\/02\/Walsrode_2-1024x581.jpg\" alt=\"\" data-id=\"730\" data-link=\"https:\/\/www.baerenfunk.de\/?attachment_id=730\" class=\"wp-image-730\" srcset=\"https:\/\/www.baerenfunk.de\/wp-content\/uploads\/2019\/02\/Walsrode_2-1024x581.jpg 1024w, https:\/\/www.baerenfunk.de\/wp-content\/uploads\/2019\/02\/Walsrode_2-300x170.jpg 300w, https:\/\/www.baerenfunk.de\/wp-content\/uploads\/2019\/02\/Walsrode_2-768x436.jpg 768w, https:\/\/www.baerenfunk.de\/wp-content\/uploads\/2019\/02\/Walsrode_2.jpg 1877w\" sizes=\"(max-width: 767px) 89vw, (max-width: 1000px) 54vw, (max-width: 1071px) 543px, 580px\" \/><figcaption>Auf Augenh\u00f6he mit A.Gerst<\/figcaption><\/figure><\/li><li class=\"blocks-gallery-item\"><figure><img loading=\"lazy\" decoding=\"async\" width=\"1024\" height=\"578\" src=\"https:\/\/www.baerenfunk.de\/wp-content\/uploads\/2019\/02\/Walsrode_3-1024x578.jpg\" alt=\"\" data-id=\"731\" data-link=\"https:\/\/www.baerenfunk.de\/?attachment_id=731\" class=\"wp-image-731\" srcset=\"https:\/\/www.baerenfunk.de\/wp-content\/uploads\/2019\/02\/Walsrode_3-1024x578.jpg 1024w, https:\/\/www.baerenfunk.de\/wp-content\/uploads\/2019\/02\/Walsrode_3-300x169.jpg 300w, https:\/\/www.baerenfunk.de\/wp-content\/uploads\/2019\/02\/Walsrode_3-768x433.jpg 768w, https:\/\/www.baerenfunk.de\/wp-content\/uploads\/2019\/02\/Walsrode_3.jpg 1882w\" sizes=\"(max-width: 767px) 89vw, (max-width: 1000px) 54vw, (max-width: 1071px) 543px, 580px\" \/><figcaption>After Show Party<br><\/figcaption><\/figure><\/li><\/ul>\n\n\n\n<ul class=\"wp-block-gallery columns-0 is-cropped wp-block-gallery-2 is-layout-flex wp-block-gallery-is-layout-flex\"><\/ul>\n","protected":false},"excerpt":{"rendered":"<p>Jan, DK1OM besuchte uns auf unserem OV-Abend und lud zur Einladung zur Kinopremiere des Films zum ISS-Kontakt ein. Nat\u00fcrlich wollten sich einige von uns nicht die Chance entgehen lassen die &hellip; <\/p>\n<p class=\"link-more\"><a href=\"https:\/\/www.baerenfunk.de\/index.php\/kinopremiere-in-walsrode\/\" class=\"more-link\"><span class=\"screen-reader-text\">\u201eKinopremiere in Walsrode\u201c<\/span> weiterlesen<\/a><\/p>\n","protected":false},"author":1,"featured_media":716,"parent":0,"menu_order":0,"comment_status":"closed","ping_status":"closed","template":"","meta":{"footnotes":""},"_links":{"self":[{"href":"https:\/\/www.baerenfunk.de\/index.php\/wp-json\/wp\/v2\/pages\/728"}],"collection":[{"href":"https:\/\/www.baerenfunk.de\/index.php\/wp-json\/wp\/v2\/pages"}],"about":[{"href":"https:\/\/www.baerenfunk.de\/index.php\/wp-json\/wp\/v2\/types\/page"}],"author":[{"embeddable":true,"href":"https:\/\/www.baerenfunk.de\/index.php\/wp-json\/wp\/v2\/users\/1"}],"replies":[{"embeddable":true,"href":"https:\/\/www.baerenfunk.de\/index.php\/wp-json\/wp\/v2\/comments?post=728"}],"version-history":[{"count":1,"href":"https:\/\/www.baerenfunk.de\/index.php\/wp-json\/wp\/v2\/pages\/728\/revisions"}],"predecessor-version":[{"id":732,"href":"https:\/\/www.baerenfunk.de\/index.php\/wp-json\/wp\/v2\/pages\/728\/revisions\/732"}],"wp:featuredmedia":[{"embeddable":true,"href":"https:\/\/www.baerenfunk.de\/index.php\/wp-json\/wp\/v2\/media\/716"}],"wp:attachment":[{"href":"https:\/\/www.baerenfunk.de\/index.php\/wp-json\/wp\/v2\/media?parent=728"}],"curies":[{"name":"wp","href":"https:\/\/api.w.org\/{rel}","templated":true}]}}