{"id":662,"date":"2019-02-10T13:33:31","date_gmt":"2019-02-10T12:33:31","guid":{"rendered":"https:\/\/www.baerenfunk.de\/?page_id=662"},"modified":"2019-03-03T21:37:23","modified_gmt":"2019-03-03T20:37:23","slug":"wrtc-2018","status":"publish","type":"page","link":"https:\/\/www.baerenfunk.de\/index.php\/wrtc-2018\/","title":{"rendered":"WRTC 2018"},"content":{"rendered":"\n<p>Wir waren mit einem kleinen Team von 4 Volunteers (DL4AH, DF2ALC, DL5UHR, DF1OE(Site-Manager)) bei der WRTC 2018 dabei und hatten viel Spa\u00df. Hier einige Bilder von der Site KLD-01, die wir unter anderem betreut haben. Eine Woche in freiem Gel\u00e4nde mit Wohnmobil-Luxuslager und Funkausr\u00fcstung &#8211; das war prima.<\/p>\n\n\n\n<p>Von der WRTC 2018 gibt es einen offiziellen Film:<br> <a href=\"https:\/\/www.youtube.com\/watch?v=mwf-2f0cbjk\">https:\/\/www.youtube.com\/watch?v=mwf-2f0cbjk<\/a><\/p>\n\n\n\n<ul class=\"wp-block-gallery columns-2 is-cropped wp-block-gallery-1 is-layout-flex wp-block-gallery-is-layout-flex\"><li class=\"blocks-gallery-item\"><figure><img loading=\"lazy\" decoding=\"async\" width=\"1024\" height=\"768\" src=\"https:\/\/www.baerenfunk.de\/wp-content\/uploads\/2019\/02\/15072018_kld-1_df1oe-1-1-1024x768.jpg\" alt=\"\" data-id=\"647\" data-link=\"https:\/\/www.baerenfunk.de\/15072018_kld-1_df1oe-1-2\/\" class=\"wp-image-647\" srcset=\"https:\/\/www.baerenfunk.de\/wp-content\/uploads\/2019\/02\/15072018_kld-1_df1oe-1-1-1024x768.jpg 1024w, https:\/\/www.baerenfunk.de\/wp-content\/uploads\/2019\/02\/15072018_kld-1_df1oe-1-1-300x225.jpg 300w, https:\/\/www.baerenfunk.de\/wp-content\/uploads\/2019\/02\/15072018_kld-1_df1oe-1-1-768x576.jpg 768w, https:\/\/www.baerenfunk.de\/wp-content\/uploads\/2019\/02\/15072018_kld-1_df1oe-1-1.jpg 1632w\" sizes=\"(max-width: 767px) 89vw, (max-width: 1000px) 54vw, (max-width: 1071px) 543px, 580px\" \/><figcaption>Site KLD 01<\/figcaption><\/figure><\/li><li class=\"blocks-gallery-item\"><figure><img loading=\"lazy\" decoding=\"async\" width=\"1024\" height=\"683\" src=\"https:\/\/www.baerenfunk.de\/wp-content\/uploads\/2019\/02\/15072018_kld-1_df1oe-1-3-1024x683.jpg\" alt=\"\" data-id=\"656\" data-link=\"https:\/\/www.baerenfunk.de\/15072018_kld-1_df1oe-1-3\/\" class=\"wp-image-656\" srcset=\"https:\/\/www.baerenfunk.de\/wp-content\/uploads\/2019\/02\/15072018_kld-1_df1oe-1-3-1024x683.jpg 1024w, https:\/\/www.baerenfunk.de\/wp-content\/uploads\/2019\/02\/15072018_kld-1_df1oe-1-3-300x200.jpg 300w, https:\/\/www.baerenfunk.de\/wp-content\/uploads\/2019\/02\/15072018_kld-1_df1oe-1-3-768x512.jpg 768w, https:\/\/www.baerenfunk.de\/wp-content\/uploads\/2019\/02\/15072018_kld-1_df1oe-1-3.jpg 1732w\" sizes=\"(max-width: 767px) 89vw, (max-width: 1000px) 54vw, (max-width: 1071px) 543px, 580px\" \/><figcaption>Abendessen mit den Wettk\u00e4mpfern<\/figcaption><\/figure><\/li><li class=\"blocks-gallery-item\"><figure><img loading=\"lazy\" decoding=\"async\" width=\"1024\" height=\"683\" src=\"https:\/\/www.baerenfunk.de\/wp-content\/uploads\/2019\/02\/15072018_kld-1_df1oe-22-1024x683.jpg\" alt=\"\" data-id=\"645\" data-link=\"https:\/\/www.baerenfunk.de\/15072018_kld-1_df1oe-22\/\" class=\"wp-image-645\" srcset=\"https:\/\/www.baerenfunk.de\/wp-content\/uploads\/2019\/02\/15072018_kld-1_df1oe-22-1024x683.jpg 1024w, https:\/\/www.baerenfunk.de\/wp-content\/uploads\/2019\/02\/15072018_kld-1_df1oe-22-300x200.jpg 300w, https:\/\/www.baerenfunk.de\/wp-content\/uploads\/2019\/02\/15072018_kld-1_df1oe-22-768x512.jpg 768w, https:\/\/www.baerenfunk.de\/wp-content\/uploads\/2019\/02\/15072018_kld-1_df1oe-22.jpg 1732w\" sizes=\"(max-width: 767px) 89vw, (max-width: 1000px) 54vw, (max-width: 1071px) 543px, 580px\" \/><figcaption>Im Zelt&#8230;<br><br><\/figcaption><\/figure><\/li><li class=\"blocks-gallery-item\"><figure><img loading=\"lazy\" decoding=\"async\" width=\"1024\" height=\"683\" src=\"https:\/\/www.baerenfunk.de\/wp-content\/uploads\/2019\/02\/15072018_kld-1_df1oe-21-1024x683.jpg\" alt=\"\" data-id=\"644\" data-link=\"https:\/\/www.baerenfunk.de\/15072018_kld-1_df1oe-21\/\" class=\"wp-image-644\" srcset=\"https:\/\/www.baerenfunk.de\/wp-content\/uploads\/2019\/02\/15072018_kld-1_df1oe-21-1024x683.jpg 1024w, https:\/\/www.baerenfunk.de\/wp-content\/uploads\/2019\/02\/15072018_kld-1_df1oe-21-300x200.jpg 300w, https:\/\/www.baerenfunk.de\/wp-content\/uploads\/2019\/02\/15072018_kld-1_df1oe-21-768x512.jpg 768w, https:\/\/www.baerenfunk.de\/wp-content\/uploads\/2019\/02\/15072018_kld-1_df1oe-21.jpg 1732w\" sizes=\"(max-width: 767px) 89vw, (max-width: 1000px) 54vw, (max-width: 1071px) 543px, 580px\" \/><figcaption>Referee und Wettkampfteam<\/figcaption><\/figure><\/li><li class=\"blocks-gallery-item\"><figure><img loading=\"lazy\" decoding=\"async\" width=\"1024\" height=\"683\" src=\"https:\/\/www.baerenfunk.de\/wp-content\/uploads\/2019\/02\/15072018_kld-1_df1oe-19-1024x683.jpg\" alt=\"\" data-id=\"642\" data-link=\"https:\/\/www.baerenfunk.de\/15072018_kld-1_df1oe-19\/\" class=\"wp-image-642\" srcset=\"https:\/\/www.baerenfunk.de\/wp-content\/uploads\/2019\/02\/15072018_kld-1_df1oe-19-1024x683.jpg 1024w, https:\/\/www.baerenfunk.de\/wp-content\/uploads\/2019\/02\/15072018_kld-1_df1oe-19-300x200.jpg 300w, https:\/\/www.baerenfunk.de\/wp-content\/uploads\/2019\/02\/15072018_kld-1_df1oe-19-768x512.jpg 768w, https:\/\/www.baerenfunk.de\/wp-content\/uploads\/2019\/02\/15072018_kld-1_df1oe-19.jpg 1732w\" sizes=\"(max-width: 767px) 89vw, (max-width: 1000px) 54vw, (max-width: 1071px) 543px, 580px\" \/><figcaption>Beim Mastaufbau<\/figcaption><\/figure><\/li><li class=\"blocks-gallery-item\"><figure><img loading=\"lazy\" decoding=\"async\" width=\"1024\" height=\"768\" src=\"https:\/\/www.baerenfunk.de\/wp-content\/uploads\/2019\/02\/15072018_kld-1_df1oe-9-1024x768.jpg\" alt=\"\" data-id=\"633\" data-link=\"https:\/\/www.baerenfunk.de\/15072018_kld-1_df1oe-9\/\" class=\"wp-image-633\" srcset=\"https:\/\/www.baerenfunk.de\/wp-content\/uploads\/2019\/02\/15072018_kld-1_df1oe-9-1024x768.jpg 1024w, https:\/\/www.baerenfunk.de\/wp-content\/uploads\/2019\/02\/15072018_kld-1_df1oe-9-300x225.jpg 300w, https:\/\/www.baerenfunk.de\/wp-content\/uploads\/2019\/02\/15072018_kld-1_df1oe-9-768x576.jpg 768w, https:\/\/www.baerenfunk.de\/wp-content\/uploads\/2019\/02\/15072018_kld-1_df1oe-9.jpg 1632w\" sizes=\"(max-width: 767px) 89vw, (max-width: 1000px) 54vw, (max-width: 1071px) 543px, 580px\" \/><figcaption>Eugen macht Pause<\/figcaption><\/figure><\/li><li class=\"blocks-gallery-item\"><figure><img loading=\"lazy\" decoding=\"async\" width=\"1024\" height=\"768\" src=\"https:\/\/www.baerenfunk.de\/wp-content\/uploads\/2019\/02\/15072018_kld-1_df1oe-11-1024x768.jpg\" alt=\"\" data-id=\"635\" data-link=\"https:\/\/www.baerenfunk.de\/15072018_kld-1_df1oe-11\/\" class=\"wp-image-635\" srcset=\"https:\/\/www.baerenfunk.de\/wp-content\/uploads\/2019\/02\/15072018_kld-1_df1oe-11-1024x768.jpg 1024w, https:\/\/www.baerenfunk.de\/wp-content\/uploads\/2019\/02\/15072018_kld-1_df1oe-11-300x225.jpg 300w, https:\/\/www.baerenfunk.de\/wp-content\/uploads\/2019\/02\/15072018_kld-1_df1oe-11-768x576.jpg 768w, https:\/\/www.baerenfunk.de\/wp-content\/uploads\/2019\/02\/15072018_kld-1_df1oe-11.jpg 1632w\" sizes=\"(max-width: 767px) 89vw, (max-width: 1000px) 54vw, (max-width: 1071px) 543px, 580px\" \/><figcaption>Siteaufbau<\/figcaption><\/figure><\/li><li class=\"blocks-gallery-item\"><figure><img loading=\"lazy\" decoding=\"async\" width=\"1024\" height=\"768\" src=\"https:\/\/www.baerenfunk.de\/wp-content\/uploads\/2019\/02\/15072018_kld-1_df1oe-15-1024x768.jpg\" alt=\"\" data-id=\"639\" data-link=\"https:\/\/www.baerenfunk.de\/15072018_kld-1_df1oe-15\/\" class=\"wp-image-639\" srcset=\"https:\/\/www.baerenfunk.de\/wp-content\/uploads\/2019\/02\/15072018_kld-1_df1oe-15-1024x768.jpg 1024w, https:\/\/www.baerenfunk.de\/wp-content\/uploads\/2019\/02\/15072018_kld-1_df1oe-15-300x225.jpg 300w, https:\/\/www.baerenfunk.de\/wp-content\/uploads\/2019\/02\/15072018_kld-1_df1oe-15-768x576.jpg 768w, https:\/\/www.baerenfunk.de\/wp-content\/uploads\/2019\/02\/15072018_kld-1_df1oe-15.jpg 1632w\" sizes=\"(max-width: 767px) 89vw, (max-width: 1000px) 54vw, (max-width: 1071px) 543px, 580px\" \/><figcaption>St\u00e4rkung muss sein<\/figcaption><\/figure><\/li><li class=\"blocks-gallery-item\"><figure><img loading=\"lazy\" decoding=\"async\" width=\"1024\" height=\"768\" src=\"https:\/\/www.baerenfunk.de\/wp-content\/uploads\/2019\/02\/15072018_kld-1_df1oe-8-1024x768.jpg\" alt=\"\" data-id=\"632\" data-link=\"https:\/\/www.baerenfunk.de\/15072018_kld-1_df1oe-8\/\" class=\"wp-image-632\" srcset=\"https:\/\/www.baerenfunk.de\/wp-content\/uploads\/2019\/02\/15072018_kld-1_df1oe-8-1024x768.jpg 1024w, https:\/\/www.baerenfunk.de\/wp-content\/uploads\/2019\/02\/15072018_kld-1_df1oe-8-300x225.jpg 300w, https:\/\/www.baerenfunk.de\/wp-content\/uploads\/2019\/02\/15072018_kld-1_df1oe-8-768x576.jpg 768w, https:\/\/www.baerenfunk.de\/wp-content\/uploads\/2019\/02\/15072018_kld-1_df1oe-8.jpg 1632w\" sizes=\"(max-width: 767px) 89vw, (max-width: 1000px) 54vw, (max-width: 1071px) 543px, 580px\" \/><figcaption>Aufbau der Site<\/figcaption><\/figure><\/li><li class=\"blocks-gallery-item\"><figure><img loading=\"lazy\" decoding=\"async\" width=\"1024\" height=\"768\" src=\"https:\/\/www.baerenfunk.de\/wp-content\/uploads\/2019\/02\/15072018_kld-1_df1oe-6-1024x768.jpg\" alt=\"\" data-id=\"631\" data-link=\"https:\/\/www.baerenfunk.de\/15072018_kld-1_df1oe-6\/\" class=\"wp-image-631\" srcset=\"https:\/\/www.baerenfunk.de\/wp-content\/uploads\/2019\/02\/15072018_kld-1_df1oe-6-1024x768.jpg 1024w, https:\/\/www.baerenfunk.de\/wp-content\/uploads\/2019\/02\/15072018_kld-1_df1oe-6-300x225.jpg 300w, https:\/\/www.baerenfunk.de\/wp-content\/uploads\/2019\/02\/15072018_kld-1_df1oe-6-768x576.jpg 768w, https:\/\/www.baerenfunk.de\/wp-content\/uploads\/2019\/02\/15072018_kld-1_df1oe-6.jpg 1632w\" sizes=\"(max-width: 767px) 89vw, (max-width: 1000px) 54vw, (max-width: 1071px) 543px, 580px\" \/><figcaption>Aufbau<\/figcaption><\/figure><\/li><li class=\"blocks-gallery-item\"><figure><img loading=\"lazy\" decoding=\"async\" width=\"1024\" height=\"768\" src=\"https:\/\/www.baerenfunk.de\/wp-content\/uploads\/2019\/02\/15072018_kld-1_df1oe-5-1024x768.jpg\" alt=\"\" data-id=\"630\" data-link=\"https:\/\/www.baerenfunk.de\/15072018_kld-1_df1oe-5\/\" class=\"wp-image-630\" srcset=\"https:\/\/www.baerenfunk.de\/wp-content\/uploads\/2019\/02\/15072018_kld-1_df1oe-5-1024x768.jpg 1024w, https:\/\/www.baerenfunk.de\/wp-content\/uploads\/2019\/02\/15072018_kld-1_df1oe-5-300x225.jpg 300w, https:\/\/www.baerenfunk.de\/wp-content\/uploads\/2019\/02\/15072018_kld-1_df1oe-5-768x576.jpg 768w, https:\/\/www.baerenfunk.de\/wp-content\/uploads\/2019\/02\/15072018_kld-1_df1oe-5.jpg 1632w\" sizes=\"(max-width: 767px) 89vw, (max-width: 1000px) 54vw, (max-width: 1071px) 543px, 580px\" \/><figcaption>Aufbau<\/figcaption><\/figure><\/li><li class=\"blocks-gallery-item\"><figure><img loading=\"lazy\" decoding=\"async\" width=\"1024\" height=\"768\" src=\"https:\/\/www.baerenfunk.de\/wp-content\/uploads\/2019\/02\/15072018_kld-1_df1oe-4-1024x768.jpg\" alt=\"\" data-id=\"629\" data-link=\"https:\/\/www.baerenfunk.de\/15072018_kld-1_df1oe-4\/\" class=\"wp-image-629\" srcset=\"https:\/\/www.baerenfunk.de\/wp-content\/uploads\/2019\/02\/15072018_kld-1_df1oe-4-1024x768.jpg 1024w, https:\/\/www.baerenfunk.de\/wp-content\/uploads\/2019\/02\/15072018_kld-1_df1oe-4-300x225.jpg 300w, https:\/\/www.baerenfunk.de\/wp-content\/uploads\/2019\/02\/15072018_kld-1_df1oe-4-768x576.jpg 768w, https:\/\/www.baerenfunk.de\/wp-content\/uploads\/2019\/02\/15072018_kld-1_df1oe-4.jpg 1632w\" sizes=\"(max-width: 767px) 89vw, (max-width: 1000px) 54vw, (max-width: 1071px) 543px, 580px\" \/><figcaption>Aufbau<\/figcaption><\/figure><\/li><li class=\"blocks-gallery-item\"><figure><img loading=\"lazy\" decoding=\"async\" width=\"1024\" height=\"768\" src=\"https:\/\/www.baerenfunk.de\/wp-content\/uploads\/2019\/02\/15072018_kld-1_df1oe-2-1024x768.jpg\" alt=\"\" data-id=\"628\" data-link=\"https:\/\/www.baerenfunk.de\/15072018_kld-1_df1oe-2\/\" class=\"wp-image-628\" srcset=\"https:\/\/www.baerenfunk.de\/wp-content\/uploads\/2019\/02\/15072018_kld-1_df1oe-2-1024x768.jpg 1024w, https:\/\/www.baerenfunk.de\/wp-content\/uploads\/2019\/02\/15072018_kld-1_df1oe-2-300x225.jpg 300w, https:\/\/www.baerenfunk.de\/wp-content\/uploads\/2019\/02\/15072018_kld-1_df1oe-2-768x576.jpg 768w, https:\/\/www.baerenfunk.de\/wp-content\/uploads\/2019\/02\/15072018_kld-1_df1oe-2.jpg 1632w\" sizes=\"(max-width: 767px) 89vw, (max-width: 1000px) 54vw, (max-width: 1071px) 543px, 580px\" \/><figcaption>Aufbau<\/figcaption><\/figure><\/li><li class=\"blocks-gallery-item\"><figure><img loading=\"lazy\" decoding=\"async\" width=\"1024\" height=\"768\" src=\"https:\/\/www.baerenfunk.de\/wp-content\/uploads\/2019\/02\/15072018_kld-1_df1oe-1-1024x768.jpg\" alt=\"\" data-id=\"627\" data-link=\"https:\/\/www.baerenfunk.de\/15072018_kld-1_df1oe-1\/\" class=\"wp-image-627\" srcset=\"https:\/\/www.baerenfunk.de\/wp-content\/uploads\/2019\/02\/15072018_kld-1_df1oe-1-1024x768.jpg 1024w, https:\/\/www.baerenfunk.de\/wp-content\/uploads\/2019\/02\/15072018_kld-1_df1oe-1-300x225.jpg 300w, https:\/\/www.baerenfunk.de\/wp-content\/uploads\/2019\/02\/15072018_kld-1_df1oe-1-768x576.jpg 768w, https:\/\/www.baerenfunk.de\/wp-content\/uploads\/2019\/02\/15072018_kld-1_df1oe-1.jpg 1632w\" sizes=\"(max-width: 767px) 89vw, (max-width: 1000px) 54vw, (max-width: 1071px) 543px, 580px\" \/><figcaption>Fr\u00fchst\u00fcck beim Aufbau<\/figcaption><\/figure><\/li><li class=\"blocks-gallery-item\"><figure><img loading=\"lazy\" decoding=\"async\" width=\"768\" height=\"1024\" src=\"https:\/\/www.baerenfunk.de\/wp-content\/uploads\/2019\/02\/15072018_kld-1_df1oe-12-768x1024.jpg\" alt=\"\" data-id=\"636\" data-link=\"https:\/\/www.baerenfunk.de\/15072018_kld-1_df1oe-12\/\" class=\"wp-image-636\" srcset=\"https:\/\/www.baerenfunk.de\/wp-content\/uploads\/2019\/02\/15072018_kld-1_df1oe-12-768x1024.jpg 768w, https:\/\/www.baerenfunk.de\/wp-content\/uploads\/2019\/02\/15072018_kld-1_df1oe-12-225x300.jpg 225w, https:\/\/www.baerenfunk.de\/wp-content\/uploads\/2019\/02\/15072018_kld-1_df1oe-12.jpg 1224w\" sizes=\"(max-width: 767px) 89vw, (max-width: 1000px) 54vw, (max-width: 1071px) 543px, 580px\" \/><figcaption>&#8230;noch ein wenig schief&#8230;<br><br><\/figcaption><\/figure><\/li><li class=\"blocks-gallery-item\"><figure><img loading=\"lazy\" decoding=\"async\" width=\"1024\" height=\"768\" src=\"https:\/\/www.baerenfunk.de\/wp-content\/uploads\/2019\/02\/15072018_kld-1_df1oe-14-1024x768.jpg\" alt=\"\" data-id=\"638\" data-link=\"https:\/\/www.baerenfunk.de\/15072018_kld-1_df1oe-14\/\" class=\"wp-image-638\" srcset=\"https:\/\/www.baerenfunk.de\/wp-content\/uploads\/2019\/02\/15072018_kld-1_df1oe-14-1024x768.jpg 1024w, https:\/\/www.baerenfunk.de\/wp-content\/uploads\/2019\/02\/15072018_kld-1_df1oe-14-300x225.jpg 300w, https:\/\/www.baerenfunk.de\/wp-content\/uploads\/2019\/02\/15072018_kld-1_df1oe-14-768x576.jpg 768w, https:\/\/www.baerenfunk.de\/wp-content\/uploads\/2019\/02\/15072018_kld-1_df1oe-14.jpg 1632w\" sizes=\"(max-width: 767px) 89vw, (max-width: 1000px) 54vw, (max-width: 1071px) 543px, 580px\" \/><figcaption>Site KLD01<br><br><\/figcaption><\/figure><\/li><li class=\"blocks-gallery-item\"><figure><img loading=\"lazy\" decoding=\"async\" width=\"1024\" height=\"683\" src=\"https:\/\/www.baerenfunk.de\/wp-content\/uploads\/2019\/02\/15072018_kld-1_df1oe-16-1024x683.jpg\" alt=\"\" data-id=\"640\" data-link=\"https:\/\/www.baerenfunk.de\/15072018_kld-1_df1oe-16\/\" class=\"wp-image-640\" srcset=\"https:\/\/www.baerenfunk.de\/wp-content\/uploads\/2019\/02\/15072018_kld-1_df1oe-16-1024x683.jpg 1024w, https:\/\/www.baerenfunk.de\/wp-content\/uploads\/2019\/02\/15072018_kld-1_df1oe-16-300x200.jpg 300w, https:\/\/www.baerenfunk.de\/wp-content\/uploads\/2019\/02\/15072018_kld-1_df1oe-16-768x512.jpg 768w, https:\/\/www.baerenfunk.de\/wp-content\/uploads\/2019\/02\/15072018_kld-1_df1oe-16.jpg 1732w\" sizes=\"(max-width: 767px) 89vw, (max-width: 1000px) 54vw, (max-width: 1071px) 543px, 580px\" \/><figcaption>Abendstimmung<\/figcaption><\/figure><\/li><li class=\"blocks-gallery-item\"><figure><img loading=\"lazy\" decoding=\"async\" width=\"1024\" height=\"768\" src=\"https:\/\/www.baerenfunk.de\/wp-content\/uploads\/2019\/02\/15072018_kld-1_df1oe-17-1024x768.jpg\" alt=\"\" data-id=\"641\" data-link=\"https:\/\/www.baerenfunk.de\/15072018_kld-1_df1oe-17\/\" class=\"wp-image-641\" srcset=\"https:\/\/www.baerenfunk.de\/wp-content\/uploads\/2019\/02\/15072018_kld-1_df1oe-17-1024x768.jpg 1024w, https:\/\/www.baerenfunk.de\/wp-content\/uploads\/2019\/02\/15072018_kld-1_df1oe-17-300x225.jpg 300w, https:\/\/www.baerenfunk.de\/wp-content\/uploads\/2019\/02\/15072018_kld-1_df1oe-17-768x576.jpg 768w, https:\/\/www.baerenfunk.de\/wp-content\/uploads\/2019\/02\/15072018_kld-1_df1oe-17.jpg 1632w\" sizes=\"(max-width: 767px) 89vw, (max-width: 1000px) 54vw, (max-width: 1071px) 543px, 580px\" \/><\/figure><\/li><li class=\"blocks-gallery-item\"><figure><img loading=\"lazy\" decoding=\"async\" width=\"1024\" height=\"768\" src=\"https:\/\/www.baerenfunk.de\/wp-content\/uploads\/2019\/02\/15072018_kld-1_df1oe-10-1024x768.jpg\" alt=\"\" data-id=\"634\" data-link=\"https:\/\/www.baerenfunk.de\/15072018_kld-1_df1oe-10\/\" class=\"wp-image-634\" srcset=\"https:\/\/www.baerenfunk.de\/wp-content\/uploads\/2019\/02\/15072018_kld-1_df1oe-10-1024x768.jpg 1024w, https:\/\/www.baerenfunk.de\/wp-content\/uploads\/2019\/02\/15072018_kld-1_df1oe-10-300x225.jpg 300w, https:\/\/www.baerenfunk.de\/wp-content\/uploads\/2019\/02\/15072018_kld-1_df1oe-10-768x576.jpg 768w, https:\/\/www.baerenfunk.de\/wp-content\/uploads\/2019\/02\/15072018_kld-1_df1oe-10.jpg 1632w\" sizes=\"(max-width: 767px) 89vw, (max-width: 1000px) 54vw, (max-width: 1071px) 543px, 580px\" \/><figcaption>Antennenaufbau<\/figcaption><\/figure><\/li><li class=\"blocks-gallery-item\"><figure><img loading=\"lazy\" decoding=\"async\" width=\"1024\" height=\"768\" src=\"https:\/\/www.baerenfunk.de\/wp-content\/uploads\/2019\/02\/15072018_kld-1_df1oe-20-1024x768.jpg\" alt=\"\" data-id=\"643\" data-link=\"https:\/\/www.baerenfunk.de\/15072018_kld-1_df1oe-20\/\" class=\"wp-image-643\" srcset=\"https:\/\/www.baerenfunk.de\/wp-content\/uploads\/2019\/02\/15072018_kld-1_df1oe-20-1024x768.jpg 1024w, https:\/\/www.baerenfunk.de\/wp-content\/uploads\/2019\/02\/15072018_kld-1_df1oe-20-300x225.jpg 300w, https:\/\/www.baerenfunk.de\/wp-content\/uploads\/2019\/02\/15072018_kld-1_df1oe-20-768x576.jpg 768w, https:\/\/www.baerenfunk.de\/wp-content\/uploads\/2019\/02\/15072018_kld-1_df1oe-20.jpg 1632w\" sizes=\"(max-width: 767px) 89vw, (max-width: 1000px) 54vw, (max-width: 1071px) 543px, 580px\" \/><figcaption>Wettkampfteam, Schiedsrichter und Volunteers<\/figcaption><\/figure><\/li><\/ul>\n","protected":false},"excerpt":{"rendered":"<p>Wir waren mit einem kleinen Team von 4 Volunteers (DL4AH, DF2ALC, DL5UHR, DF1OE(Site-Manager)) bei der WRTC 2018 dabei und hatten viel Spa\u00df. Hier einige Bilder von der Site KLD-01, die &hellip; <\/p>\n<p class=\"link-more\"><a href=\"https:\/\/www.baerenfunk.de\/index.php\/wrtc-2018\/\" class=\"more-link\"><span class=\"screen-reader-text\">\u201eWRTC 2018\u201c<\/span> weiterlesen<\/a><\/p>\n","protected":false},"author":1,"featured_media":667,"parent":0,"menu_order":0,"comment_status":"closed","ping_status":"closed","template":"","meta":{"footnotes":""},"_links":{"self":[{"href":"https:\/\/www.baerenfunk.de\/index.php\/wp-json\/wp\/v2\/pages\/662"}],"collection":[{"href":"https:\/\/www.baerenfunk.de\/index.php\/wp-json\/wp\/v2\/pages"}],"about":[{"href":"https:\/\/www.baerenfunk.de\/index.php\/wp-json\/wp\/v2\/types\/page"}],"author":[{"embeddable":true,"href":"https:\/\/www.baerenfunk.de\/index.php\/wp-json\/wp\/v2\/users\/1"}],"replies":[{"embeddable":true,"href":"https:\/\/www.baerenfunk.de\/index.php\/wp-json\/wp\/v2\/comments?post=662"}],"version-history":[{"count":4,"href":"https:\/\/www.baerenfunk.de\/index.php\/wp-json\/wp\/v2\/pages\/662\/revisions"}],"predecessor-version":[{"id":804,"href":"https:\/\/www.baerenfunk.de\/index.php\/wp-json\/wp\/v2\/pages\/662\/revisions\/804"}],"wp:featuredmedia":[{"embeddable":true,"href":"https:\/\/www.baerenfunk.de\/index.php\/wp-json\/wp\/v2\/media\/667"}],"wp:attachment":[{"href":"https:\/\/www.baerenfunk.de\/index.php\/wp-json\/wp\/v2\/media?parent=662"}],"curies":[{"name":"wp","href":"https:\/\/api.w.org\/{rel}","templated":true}]}}