{"id":511,"date":"2019-01-05T17:33:43","date_gmt":"2019-01-05T16:33:43","guid":{"rendered":"https:\/\/www.baerenfunk.de\/?page_id=511"},"modified":"2019-01-05T17:33:43","modified_gmt":"2019-01-05T16:33:43","slug":"baubericht-elecraft-k2","status":"publish","type":"page","link":"https:\/\/www.baerenfunk.de\/index.php\/baubericht-elecraft-k2\/","title":{"rendered":"Baubericht Elecraft K2"},"content":{"rendered":"\n<p>Nach Jahren als Funkamateur, der mit kommerziellen Ger\u00e4ten \u201evon der Stange\u201c funkt habe ich den Selbstbau wiederentdeckt. Aufgeh\u00f6rt hatte ich mit dem Selbstbau vor etwa 25 Jahren \u2013 damals gab es die JR-Reihe vom DARC-Ausbildungsreferat, mit der ich mir zumindest einen kompletten Empf\u00e4nger f\u00fcr 80 Meter aufgebaut hatte.<br>Es sollte ein elecraft K2 werden \u2013 die kleine Kiste hatte sich schon lange durch ihre hervorragenden Eigenschaften und durch das \u201egeniale\u201c Konzept in mein Herz geschlichen.&nbsp;<br>Den K2 gibt es seit nunmehr \u00fcber 10 Jahren, es ist ein einzigartiges v\u00f6llig ausgreiftes Bausatz-Konzept, das es hoffentlich noch lange geben wird. Es gibt wahre \u201eTonnen\u201c von Aufbau-Hinweisen im Internet und die mitgelieferten Handb\u00fccher und Bedienungsanleitungen sind von wirklich erstklassiger Qualit\u00e4t. Allerdings soll nicht verschwiegen werden, das der gr\u00f6\u00dfere Anteil der Literatur und FAQs nur auf Englisch vorhanden ist \u2013 deutschsprachige Unterst\u00fctzung erh\u00e4lt man bei DL2FI&#8217;s QRPproject. Dort kann man auch den Bausatz mit einer deutschen Bauanleitung bestellen.<br><br>Mein K2 sollte in der ersten Ausbaustufe aus den folgenden Komponenten bestehen:<br><br>1. dem Grundger\u00e4t (nur CW, B\u00e4nder 10-80 Meter),<br>2. der SSB-Erweiterung,<br>3. der seriellen Schnittstelle.<\/p>\n\n\n\n<p><br>Wie es sich f\u00fcr ein Projekt geh\u00f6rt, wurde auch ein Finanzierungsplan aufgestellt: Ich hatte mir vorgenommen, max. 200,00 EUR an Bargeld in das Projekt zu stecken, der Rest sollte durch den Verkauf von \u201ealtem Krams\u201c \u00fcber ebay zustande kommen. Also wurden Schr\u00e4nke, Keller und das B\u00fcro nach verkaufbaren durchforstet, es kam einiges zusammen: Amateurfunkger\u00e4te, eine komplette ISDN-Telefonanlage, mehrere Thin-Client-Rechner aus einer EDV-Umstellung. Ab Jahresbeginn 2008 wurden diese Artikel in ebay versteigert, mit dem einzigen Ziel auf dem zugeh\u00f6rigen Paypal-Konto gen\u00fcgend \u201eMasse\u201c f\u00fcr meinen K2 anzuh\u00e4ufen. Es hat sogar geklappt, ohne Tricks und doppelten Boden. Blieb nur noch die Frage zu kl\u00e4ren, ob es ein eigener Direktimport oder ein Kauf beim deutschen Distributor werden sollte. Letztendlich wegen der Kosten und weil ich sehen wollte, ob es klappt habe ich den Weg der direkten Bestellung bei elecraft in Amerika gew\u00e4hlt \u2013 per ups express.<br><br><strong>10. April 2008<\/strong><br>Es ist soweit: Ich bestelle bei elecraft und sende mit ewas Zaudern meine Paypal-Geldanweisung los. Noch eine email an elecraft und gespanntes Warten. Schon am n\u00e4chsten Tag kommt die freundliche Best\u00e4tigung \u201eOrder und Geld erhalten \u2013 thank you!\u201c Ich denke es dauert jetzt einige Zeit bis das P\u00e4ckchen kommt und wir fahren in einen kleinen Kurzurlaub.&nbsp;<br><br><strong>18. April 2008<\/strong><br>P\u00e4ckchen aus Amerika \u2013 der K2 ist da! V\u00f6llig problemlos und schneller als erwartet ist das P\u00e4ckchen da. Schon w\u00e4hrend des Kurzurlaubs hatte UPS mehrfach versucht das P\u00e4ckchen an mich auszuliefern. Jetzt ist es da, und gegen ca. 120 EUR. Zoll und Handling halte ich das etwa Schuhkarton-gro\u00dfe Objekt meiner Begierde in den H\u00e4nden. Jetzt geht\u2019s also los&#8230;<br><br><br><strong>23. April \u2013 25.April 2008<\/strong><br>Inventarisierung<br>In der Aufbauanleitung wird (mit Re<\/p>\n\n\n\n<figure class=\"wp-block-image\"><img decoding=\"async\" src=\"http:\/\/baerenfunk.cloudapp.net\/images\/stories\/h48\/selbstbau\/K2\/P1010001.jpg\" alt=\"\"\/><\/figure>\n\n\n\n<p>Die einzelnen gut verpackten Bauteilecht) darauf hingewiesen, dass es Sinn macht, die Bauteile des K2 nach Baugruppen geordnet zu inventarisieren. Nun \u2013 bei der Menge und Kleinheit der Bauteile ein wirklich guter Rat. Manche Kondensatoren sind so klein, da\u00df man wirklich nur mit Lupe noch erkennen kann, was der Hersteller aufgedruckt (!) hat. Damit alle Teile Ihren Platz haben und das ganze auch gut im Zugriff ist, habe ich mich f\u00fcr die Anschaffung eines Kleinteilemagazins entschieden. Der n\u00e4chste Baumarkt um die Ecke hatte so etwas, das zudem auch noch recht schonend f\u00fcr das Budget war. Hinzu kamen noch Schilder (aus alten Visitenkarten) und ein paar Trennw\u00e4nde f\u00fcr die Unterteilung der Schubladen des Magazins. Zum Abhaken hatte ich mir noch die Bauteileliste von elecraft auf meinen Rechner geholt und nochmal ausgedruckt \u2013 das Original-Handbuch war mir einfach zu schade, um darin \u201eherumzumalen\u201c. So ausgestattet konnte die Inventur beginnen: Die erste T\u00fcte aufgemacht und in einen Teller gesch\u00fcttet. Wo anfangen? Ich habe erstmal alles zusammengenommen, was gleich aussah. Die Kondensatoren alle mit der Schrift nach oben gedreht. Dann habe ich mir meistens ein paar gleichartige Bauteile herausgesucht und sie&nbsp; in der Liste abgehakt \u2013 und ihnen anschliessend ihr Fach im Kleinteilemagazin zugewiesen. Die kleinsten Kondensatoren habe ich&nbsp; noch extra mit Tesafilm&nbsp;<\/p>\n\n\n\n<figure class=\"wp-block-image\"><img decoding=\"async\" src=\"http:\/\/baerenfunk.cloudapp.net\/images\/stories\/h48\/selbstbau\/K2\/P1010002.jpg\" alt=\"\"\/><\/figure>\n\n\n\n<p>Gez\u00e4hlt, abgehakt und eingeordnet&#8230;auf Pappstreifen geklebt \u2013 so bleiben die kleinen Fl\u00f6he wenigstens zusammen und nehmen nicht gleich ein ganzes Fach f\u00fcr einen einzigen Wert in Anspruch. Ach ja \u2013 die kleinen Fl\u00f6he: nat\u00fcrlich hat sich ein solcher kleiner Floh irgendwann auf den Weg vom Tisch auf den Fussboden (Dielenboden) gemacht. Tja&#8230;. nun sind Dielen ja blank und kein Teppich&#8230; haben&nbsp; in unserer Wohnung aber recht breite Ritzen. Der kleine Ausflug des Flohs f\u00fchrte dazu, das ich einen Morgen etwa 2 Stunden lang mit der Nasenspitze \u00fcber den Fussboden kroch, immer die Ritzen entlang, um den kleinen blauen Floh wiederzufinden. Mit der Taschenlampe dort hineinleuchtete, wo die Ritzen breit genug schienen, um etwas in die Zwischendecke fallen zu lassen. (In der Zeit h\u00e4tte ich den entsprechenden C auch sicher in meine Bastelkiste gefunden). Weil aber nun garnichts zu finden war, habe ich meine Schuhe, (offene Schlappen) gr\u00fcndlicher inspiziert: das Teil war zwischen Riemen und Sohle meiner rechten Schlappe gerutscht und hat sich von dort aus meine Bem\u00fchungen seelenruhig angeschaut. Mistding, kleines!&nbsp;&nbsp;<\/p>\n\n\n\n<p>Die Bauteile von Control-Board und Front Panel waren in jeweils in ca. 1,5 Stunden gez\u00e4hlt und verstaut, das RF-Board brauchte etwas l\u00e4nger. Die Suchzeiten auf dem Fussboden habe ich nicht mitgez\u00e4hlt.&nbsp;<\/p>\n\n\n\n<p><strong>26. April 2008<\/strong><br><\/p>\n\n\n\n<figure class=\"wp-block-image\"><img decoding=\"async\" src=\"http:\/\/baerenfunk.cloudapp.net\/images\/stories\/h48\/selbstbau\/K2\/P1010006.jpg\" alt=\"\"\/><\/figure>\n\n\n\n<p>Der ArbeitsplatzDer Arbeitsplatz f\u00fcr alle Aufbauarbeiten wird hergerichtet: das Kleinteilemagazin mit den Bauteilen, L\u00f6tstation an der richtigen Seite, Werkzeug, Platz f\u00fcr die Aufbauanleitung und alles so, da\u00df der ganze Arbeitplatz aufgebaut gelassen werden kann, wenn mein Beruf einen Weiterbau nicht zul\u00e4sst.&nbsp;<br>Jetzt geht\u2019s los: Ich beginne mit dem Aufbau des \u201eControl Boards\u201c. Die erste Aufgabe: Schrauben sortieren. Das klappt. Die Aufbauanleitung ist wirklich detailliert und erstklassig. Jedes Bauteil wird von mir nach dem Aufbau abgehakt. Eine Irritation bei C40 \u2013 diese Position wird nicht genannt, das Bauteil fehlt? Nein. Ein Blick in den Schaltplan verr\u00e4t \u201eNot used\u201c. Erste kleinere Probleme durch von mir selbst zu verantwortende zugelaufenen L\u00f6tpunkte \u2013 Bauteile lassen sich nur durch gleichzeitiges Erw\u00e4rmen des betroffenen L\u00f6tpunktes plazieren. Dumm gelaufen, aber auch das kriege ich hin.<\/p>\n\n\n\n<p><strong>27. April 2008<\/strong><br>Das Control-Board ist fertig aufgebaut. Beim abschlies<\/p>\n\n\n\n<figure class=\"wp-block-image\"><img decoding=\"async\" src=\"http:\/\/baerenfunk.cloudapp.net\/images\/stories\/h48\/selbstbau\/K2\/P1010012.jpg\" alt=\"\"\/><\/figure>\n\n\n\n<p>Das Control Boardsenden \u201eResistance-Check\u201c fange ich an, mir die Haare zu raufen:&nbsp;Keiner der von mir gemessenen Werte stimmt mit den Werten im Handbuch&nbsp;\u00fcberein. Also versuche&nbsp;ich es mit einem anderen Messger\u00e4t,&nbsp;sicher spielt der Innenwiederstand eine Rolle&#8230; Auch das funktioniert nicht. Schliesslich schau ich im Internet in den Foren zum K2 bei elecraft nach. Und siehe da: Viele Oms beschreiben das gleiche Problem, und die Antwort&nbsp;von elecraft leutete in allen F\u00e4llen einfach und klar: Vergiss diesen Test. Er geht nicht. Bei mir macht sich&nbsp;Erleichterung breit und ich bin richtig froh.&nbsp;&nbsp;&nbsp;<\/p>\n\n\n\n<p><strong>Weihnachten 2008<br><\/strong>Mittlerweile ist&nbsp;das Jahr vergangen, beruflich bedingt bin ich weniger weit gekommen bin, als ich wollte. Egal: Rund um Weihnachten 2008 wurde das Front-Panel aufgebaut. Das Front-Panel ist eine etwas fummlige Angelegenheit. Insbesondere das Display stellte mich auf eine harte Probe: Hier sind einige Beine etwas zu kurz und schon in der Bauanleitung heisst es, man sollte die Beine mit einigen \u201egezogenen\u201c L\u00f6tbr\u00fccken verbinden\u2026 . Nach einigen Gehversuchen entscheide ich mich dazu, die Beinchen mit einigen Drahtabf\u00e4llen zu verl\u00e4ngern und dann beim endg\u00fcltien Einl\u00f6ten schnell zu sein. Das klappt tats\u00e4chlich ganz gut.&nbsp;<br><\/p>\n\n\n\n<figure class=\"wp-block-image\"><img decoding=\"async\" src=\"http:\/\/baerenfunk.cloudapp.net\/images\/stories\/h48\/selbstbau\/K2\/00002_web.jpg\" alt=\"\"\/><\/figure>\n\n\n\n<p>Das fertig montierte Front-Panel<br><strong>Pause<\/strong><br>Ein Jahr ruhen dann die Arbeiten am K2. Die Gr\u00fcnde sind vielf\u00e4ltiger privater, beruflicher und auch im Hobby begr\u00fcndeter Natur. Ein Wochenende ist zu kurz, um bei komplexeren Baugruppen einen sichtbaren Fortschritt zu erzielen. Ferner braucht es ein paar Stunden, bis ich jeweils wieder &#8222;drin&#8220; bin und mich auf den Platinen und in den Baugruppen wieder zuhause f\u00fchle. Da ist es dann doch einfacher, sich an die Funkstation zu setzen und zu Funken. Schliesslich will ich auch mein CW-Tempo verbessern und nehme auch an einigen kleineren Kurz-Contesten teil.<\/p>\n\n\n\n<p><strong>25.12.2009<\/strong><br>Das RF-Board wird noch um einige Bauteile erg\u00e4nzt \u2013 nach so langer Pause muss ich mich erst einmal wieder einlesen und mich in der Landschaft der Boards zurechtfinden.<\/p>\n\n\n\n<p>Nach einigen L\u00f6tarbeiten wird das PIC auf das RF-Board gesetzt und es erfolgt der erste mechanische Zusammenbau der Komponenten. Zun\u00e4chst wird das RF-Board an den Seitenteilen befestigt, dann kommt das Front-Panel hinzu und das Control-Board wird eingesteckt und befestigt. Die Bodenplatte wird vorbereitet \u2013 das einklemmen des Aufstellb\u00fcgels ist ben\u00f6tigt etwas sanfte Gewalt\u201c und dann steht der K2 im Rohbau vor mir.&nbsp;<br><\/p>\n\n\n\n<figure class=\"wp-block-image\"><img decoding=\"async\" src=\"http:\/\/baerenfunk.cloudapp.net\/images\/stories\/h48\/selbstbau\/K2\/00006_web.jpg\" alt=\"\"\/><\/figure>\n\n\n\n<p>R\u00fcckseite des Front-Panels und das RF-Board<br><strong>Alignment und Test, Part&nbsp;<\/strong>1<br>\u2026das steht auf den Seiten des Manuals, die jetzt auf dem Programm stehen. Ein erster Test also. Wird alles funktionieren, oder hab ich beim Aufbau von Front Panel und Control-Board bereits so viele Fehler eingebaut, das das Ger\u00e4t sich mit einem blauen Rauchw\u00f6lkchen verabschiedet? Die Aufbauarbeiten an diesen Komponenten habe ich bereits vor einem Jahr durchgef\u00fchrt, ich erinnere mich n<\/p>\n\n\n\n<figure class=\"wp-block-image\"><img decoding=\"async\" src=\"http:\/\/baerenfunk.cloudapp.net\/images\/stories\/h48\/selbstbau\/K2\/P1010009_web.jpg\" alt=\"\"\/><\/figure>\n\n\n\n<p>K2 im Rohbauur noch vage an einzelne Schwierigkeiten \u2013 einmal hatte ich einen falschen Kondensator verbaut, das aber rechtzeitig gemerkt. Wer weiss, welche Fehler mir noch alles unterlaufen sind?&nbsp; Ok, bevor der Test losgeht wird erstmal in Ruhe ein Cappuchino getrunken und etwas Weihnachtsgeb\u00e4ck verdr\u00fcckt. Eventuelle Misserfolge sind mit vollem Magen besser zu verkraften&#8230;<\/p>\n\n\n\n<p>Noch schnell ein Kabel f\u00fcr die Stromversorgung gel\u00f6tet. Die Warnung gelesen \u201eIf you see or smell smoke when you turn on your K2 for the first time\u2026\u201c und dann beherzt eingeschaltet. Der K2 riecht und raucht nicht, sondern meldet brav \u201cINFO 201\u201d und nach etwas mehr als 10 Sekunden zeigt er 7.100.00c. Er geht. Kein Troubleshooting notwendig. Ich mache die einzelnen beschriebenen Tests. Alle Tests ok. Nach Anschluss eines Paddles und der entsprechenden Einstellung im Men\u00fc kann ich sogar schon den CW-Mith\u00f6rton testen. Auch Ok. Die Aufbauanleitung ist aber auch wirklich klasse. Ich habe mich strikt an sie gehalten, und das war offensichtlich gut so. Die bisherigen Komponenten waren alle noch der \u201eeinfache\u201c Teil. Keine Hochfrequenz. In meiner Vorstellung ist das noch der eigentlich komplexe Anteil, weil da geht es darum, das \u201eDing\u201c ans spielen zu bekommen und HF ist immer etwas and<\/p>\n\n\n\n<figure class=\"wp-block-image\"><img decoding=\"async\" src=\"http:\/\/baerenfunk.cloudapp.net\/images\/stories\/h48\/selbstbau\/K2\/P1010011_web.jpg\" alt=\"\"\/><\/figure>\n\n\n\n<p>Test bestanden!ers als einfach digital oder NF. Aber: Ich bin erst einmal richtig froh. Der erste Bauabschnitt des K2 ist erfolgreich verlaufen und kann mit einem kleinen Gl\u00e4schen Sekt w\u00fcrdig begangen werden. Morgen geht es mit der Best\u00fcckung der RF-Platine weiter.<\/p>\n\n\n\n<p><strong>26.12.2009<\/strong><br>Bevor der Testaufbau wieder zerlegt wird baue ich noch die \u201eRF-Probe\u201c zusammen, eine klitzekleine Platine zur HF-Signalverfolgung, die beim jetzt folgenden Aufbau von Empf\u00e4nger und Sender sicher hilfreich sein wird\u2026.<br>Die Best\u00fcckung des RF-Boards beginnt mit dem Empf\u00e4ngerteil und dort ganz klassisch mit den Widerst\u00e4nden. Auch wenn es eine recht langwierige, gleichf\u00f6rmige Arbeit ist: Jeder Widerstand will zurechtgebogen und an den richtigen Platz gesetzt, verl\u00f6tet und abschlie\u00dfend kontrolliert werden. Die RF-Platine ist die gr\u00f6\u00dfte zusammenh\u00e4ngende Einheit des Bausatzes und irgendwie&nbsp; will die Menge der Bauteile nur sehr langsam abnehmen. Da hilft dann doch die&nbsp; in machbare Abschnitte unterteilte Bauanleitung, die ich immer noch langsam und Schritt f\u00fcr Schritt abarbeite. Beim Einl\u00f6ten der Relais f\u00fcr das Bandfilter passiert dann ein kleiner GAU \u2013 ich rutsche mit dem L\u00f6tkolben ab und knicke einen L\u00f6tkontakt eines Relais auf ziemlich harte Weise so ab, dass er flach auf der Platine klebt. \u201eAuf keinen Fall die L\u00f6tkontakte der Relais abknicken\u201c stand in der Bauanleitung. Hm. Ausl\u00f6ten? Selbst dann fehlt mir ein geeignetes neues Relais. Schreckpause. Vielleicht habe ich Gl\u00fcck, und das Beinchen f\u00fchrt innerhalb des Relais zu keinem Kontakt \u2013 also im Internet recherchiert. Das Datenblatt de Relais gibt Aufschluss \u2013 nein das Beinchen ist nicht einfach eine mechanische St\u00fctze, sondern hat auch elektrische Funktion. Kann man das Relais in Deutschland bestellen? Ja! Prima, ich w\u00e4re auch bereit, hohes Porto und Mindermengenzuschlag zu bezahlen. Nur, den gibt es nicht, die kleinste Menge, die ich bestellen k\u00f6nnte w\u00e4ren 250 St\u00fcck. Analyse der Schaltung: Bei einem Defekt des Relais w\u00e4re das 30-Meter Band nicht nutzbar. Ich markiere im Schaltplan das Beinchen des Relais und mache mir ein paar Notizen. Dann mache ich noch manuelle Schaltversuche und Messungen \u2013 es schien zu gehen. Also mache ich erst einmal mit dem Risiko des Scheiterns im Nacken weiter.&nbsp;<br>Die Ringkerne der Filtergruppe zu wickeln ist auch eine kleine Geduldsprobe. Bei der Anzahl der Windungen muss man ein wenig aufpassen: Am besten man z\u00e4hlt sie Innen, oder beim \u201eN\u00e4hen\u201c der Wicklungen, da bereits der erste \u201eDurchstich\u201c als Windung z\u00e4hlt.&nbsp; Ab irgendwann wurde ich einfach unsicher und hab nochmal nachgez\u00e4hlt. Und tats\u00e4chlich musste ich einen Ringkern neu wickeln<br><\/p>\n","protected":false},"excerpt":{"rendered":"<p>Nach Jahren als Funkamateur, der mit kommerziellen Ger\u00e4ten \u201evon der Stange\u201c funkt habe ich den Selbstbau wiederentdeckt. Aufgeh\u00f6rt hatte ich mit dem Selbstbau vor etwa 25 Jahren \u2013 damals gab &hellip; <\/p>\n<p class=\"link-more\"><a href=\"https:\/\/www.baerenfunk.de\/index.php\/baubericht-elecraft-k2\/\" class=\"more-link\"><span class=\"screen-reader-text\">\u201eBaubericht Elecraft K2\u201c<\/span> weiterlesen<\/a><\/p>\n","protected":false},"author":1,"featured_media":512,"parent":0,"menu_order":0,"comment_status":"closed","ping_status":"closed","template":"","meta":{"footnotes":""},"_links":{"self":[{"href":"https:\/\/www.baerenfunk.de\/index.php\/wp-json\/wp\/v2\/pages\/511"}],"collection":[{"href":"https:\/\/www.baerenfunk.de\/index.php\/wp-json\/wp\/v2\/pages"}],"about":[{"href":"https:\/\/www.baerenfunk.de\/index.php\/wp-json\/wp\/v2\/types\/page"}],"author":[{"embeddable":true,"href":"https:\/\/www.baerenfunk.de\/index.php\/wp-json\/wp\/v2\/users\/1"}],"replies":[{"embeddable":true,"href":"https:\/\/www.baerenfunk.de\/index.php\/wp-json\/wp\/v2\/comments?post=511"}],"version-history":[{"count":1,"href":"https:\/\/www.baerenfunk.de\/index.php\/wp-json\/wp\/v2\/pages\/511\/revisions"}],"predecessor-version":[{"id":513,"href":"https:\/\/www.baerenfunk.de\/index.php\/wp-json\/wp\/v2\/pages\/511\/revisions\/513"}],"wp:featuredmedia":[{"embeddable":true,"href":"https:\/\/www.baerenfunk.de\/index.php\/wp-json\/wp\/v2\/media\/512"}],"wp:attachment":[{"href":"https:\/\/www.baerenfunk.de\/index.php\/wp-json\/wp\/v2\/media?parent=511"}],"curies":[{"name":"wp","href":"https:\/\/api.w.org\/{rel}","templated":true}]}}