{"id":2585,"date":"2024-04-26T21:01:44","date_gmt":"2024-04-26T20:01:44","guid":{"rendered":"https:\/\/www.baerenfunk.de\/?page_id=2585"},"modified":"2024-04-27T14:55:11","modified_gmt":"2024-04-27T13:55:11","slug":"fruehlingsfieldday-2024","status":"publish","type":"page","link":"https:\/\/www.baerenfunk.de\/index.php\/fruehlingsfieldday-2024\/","title":{"rendered":"Fr\u00fchlingsfieldday 2024"},"content":{"rendered":"\n<p>Eigentlich hatten wir ja unseren Regenfieldday f\u00fcr das Fr\u00fchjahr geplant. Aber leider ist der Regen ausgefallen und wir mussten unsere Zeit bei sch\u00f6nem Wetter am Humboldtsee verbringen. Ging auch.<\/p>\n\n\n\n<p>Die Bilder stammen zum Teil aus der Fieldday-Gruppe &#8211; es sind aber auch ein paar andere dabei. Bilder: DK2AY, DC1AP, DF1OE  ich hoffe, ich habe niemenden vergessen.<br>In entspannter Atmosph\u00e4re wurde gefunkt, gefachsimpelt und palavert &#8211; allen hat es viel Spass gemacht. Auch der Platz f\u00fcr ein kleines Antennenfeld (siehe Absperrung) war vorhanden, so konnte DF1OE den Spiderbeam aufbauen und DJ7OQ, Erik  seine 20 Meter hohe Vertikal aufbauen und testen. <\/p>\n\n\n\n<figure class=\"wp-block-gallery has-nested-images columns-default is-cropped wp-block-gallery-1 is-layout-flex wp-block-gallery-is-layout-flex\">\n<figure class=\"wp-block-image size-large\"><img loading=\"lazy\" decoding=\"async\" width=\"1024\" height=\"768\" data-id=\"2588\" src=\"https:\/\/www.baerenfunk.de\/wp-content\/uploads\/2024\/04\/p4130305-1024x768.jpg\" alt=\"\" class=\"wp-image-2588\" srcset=\"https:\/\/www.baerenfunk.de\/wp-content\/uploads\/2024\/04\/p4130305-1024x768.jpg 1024w, https:\/\/www.baerenfunk.de\/wp-content\/uploads\/2024\/04\/p4130305-300x225.jpg 300w, https:\/\/www.baerenfunk.de\/wp-content\/uploads\/2024\/04\/p4130305-768x576.jpg 768w, https:\/\/www.baerenfunk.de\/wp-content\/uploads\/2024\/04\/p4130305-1536x1152.jpg 1536w, https:\/\/www.baerenfunk.de\/wp-content\/uploads\/2024\/04\/p4130305.jpg 2048w\" sizes=\"(max-width: 767px) 89vw, (max-width: 1000px) 54vw, (max-width: 1071px) 543px, 580px\" \/><\/figure>\n\n\n\n<figure class=\"wp-block-image size-large\"><img loading=\"lazy\" decoding=\"async\" width=\"1024\" height=\"768\" data-id=\"2591\" src=\"https:\/\/www.baerenfunk.de\/wp-content\/uploads\/2024\/04\/p4130292-1-1024x768.jpg\" alt=\"\" class=\"wp-image-2591\" srcset=\"https:\/\/www.baerenfunk.de\/wp-content\/uploads\/2024\/04\/p4130292-1-1024x768.jpg 1024w, https:\/\/www.baerenfunk.de\/wp-content\/uploads\/2024\/04\/p4130292-1-300x225.jpg 300w, https:\/\/www.baerenfunk.de\/wp-content\/uploads\/2024\/04\/p4130292-1-768x576.jpg 768w, https:\/\/www.baerenfunk.de\/wp-content\/uploads\/2024\/04\/p4130292-1-1536x1152.jpg 1536w, https:\/\/www.baerenfunk.de\/wp-content\/uploads\/2024\/04\/p4130292-1.jpg 2048w\" sizes=\"(max-width: 767px) 89vw, (max-width: 1000px) 54vw, (max-width: 1071px) 543px, 580px\" \/><\/figure>\n\n\n\n<figure class=\"wp-block-image size-large\"><img loading=\"lazy\" decoding=\"async\" width=\"1024\" height=\"768\" data-id=\"2590\" src=\"https:\/\/www.baerenfunk.de\/wp-content\/uploads\/2024\/04\/p4130293-1-1024x768.jpg\" alt=\"\" class=\"wp-image-2590\" srcset=\"https:\/\/www.baerenfunk.de\/wp-content\/uploads\/2024\/04\/p4130293-1-1024x768.jpg 1024w, https:\/\/www.baerenfunk.de\/wp-content\/uploads\/2024\/04\/p4130293-1-300x225.jpg 300w, https:\/\/www.baerenfunk.de\/wp-content\/uploads\/2024\/04\/p4130293-1-768x576.jpg 768w, https:\/\/www.baerenfunk.de\/wp-content\/uploads\/2024\/04\/p4130293-1-1536x1152.jpg 1536w, https:\/\/www.baerenfunk.de\/wp-content\/uploads\/2024\/04\/p4130293-1.jpg 2048w\" sizes=\"(max-width: 767px) 89vw, (max-width: 1000px) 54vw, (max-width: 1071px) 543px, 580px\" \/><\/figure>\n\n\n\n<figure class=\"wp-block-image size-large\"><img loading=\"lazy\" decoding=\"async\" width=\"1024\" height=\"768\" data-id=\"2589\" src=\"https:\/\/www.baerenfunk.de\/wp-content\/uploads\/2024\/04\/p4130296-1024x768.jpg\" alt=\"\" class=\"wp-image-2589\" srcset=\"https:\/\/www.baerenfunk.de\/wp-content\/uploads\/2024\/04\/p4130296-1024x768.jpg 1024w, https:\/\/www.baerenfunk.de\/wp-content\/uploads\/2024\/04\/p4130296-300x225.jpg 300w, https:\/\/www.baerenfunk.de\/wp-content\/uploads\/2024\/04\/p4130296-768x576.jpg 768w, https:\/\/www.baerenfunk.de\/wp-content\/uploads\/2024\/04\/p4130296-1536x1152.jpg 1536w, https:\/\/www.baerenfunk.de\/wp-content\/uploads\/2024\/04\/p4130296.jpg 2048w\" sizes=\"(max-width: 767px) 89vw, (max-width: 1000px) 54vw, (max-width: 1071px) 543px, 580px\" \/><\/figure>\n\n\n\n<figure class=\"wp-block-image size-large\"><img loading=\"lazy\" decoding=\"async\" width=\"1024\" height=\"768\" data-id=\"2592\" src=\"https:\/\/www.baerenfunk.de\/wp-content\/uploads\/2024\/04\/p4130299-1024x768.jpg\" alt=\"\" class=\"wp-image-2592\" srcset=\"https:\/\/www.baerenfunk.de\/wp-content\/uploads\/2024\/04\/p4130299-1024x768.jpg 1024w, https:\/\/www.baerenfunk.de\/wp-content\/uploads\/2024\/04\/p4130299-300x225.jpg 300w, https:\/\/www.baerenfunk.de\/wp-content\/uploads\/2024\/04\/p4130299-768x576.jpg 768w, https:\/\/www.baerenfunk.de\/wp-content\/uploads\/2024\/04\/p4130299-1536x1152.jpg 1536w, https:\/\/www.baerenfunk.de\/wp-content\/uploads\/2024\/04\/p4130299.jpg 2048w\" sizes=\"(max-width: 767px) 89vw, (max-width: 1000px) 54vw, (max-width: 1071px) 543px, 580px\" \/><\/figure>\n\n\n\n<figure class=\"wp-block-image size-large\"><img loading=\"lazy\" decoding=\"async\" width=\"1024\" height=\"768\" data-id=\"2593\" src=\"https:\/\/www.baerenfunk.de\/wp-content\/uploads\/2024\/04\/p4130300-1024x768.jpg\" alt=\"\" class=\"wp-image-2593\" srcset=\"https:\/\/www.baerenfunk.de\/wp-content\/uploads\/2024\/04\/p4130300-1024x768.jpg 1024w, https:\/\/www.baerenfunk.de\/wp-content\/uploads\/2024\/04\/p4130300-300x225.jpg 300w, https:\/\/www.baerenfunk.de\/wp-content\/uploads\/2024\/04\/p4130300-768x576.jpg 768w, https:\/\/www.baerenfunk.de\/wp-content\/uploads\/2024\/04\/p4130300-1536x1152.jpg 1536w, https:\/\/www.baerenfunk.de\/wp-content\/uploads\/2024\/04\/p4130300.jpg 2048w\" sizes=\"(max-width: 767px) 89vw, (max-width: 1000px) 54vw, (max-width: 1071px) 543px, 580px\" \/><\/figure>\n\n\n\n<figure class=\"wp-block-image size-large\"><img loading=\"lazy\" decoding=\"async\" width=\"1024\" height=\"768\" data-id=\"2594\" src=\"https:\/\/www.baerenfunk.de\/wp-content\/uploads\/2024\/04\/p4130302-1024x768.jpg\" alt=\"\" class=\"wp-image-2594\" srcset=\"https:\/\/www.baerenfunk.de\/wp-content\/uploads\/2024\/04\/p4130302-1024x768.jpg 1024w, https:\/\/www.baerenfunk.de\/wp-content\/uploads\/2024\/04\/p4130302-300x225.jpg 300w, https:\/\/www.baerenfunk.de\/wp-content\/uploads\/2024\/04\/p4130302-768x576.jpg 768w, https:\/\/www.baerenfunk.de\/wp-content\/uploads\/2024\/04\/p4130302-1536x1152.jpg 1536w, https:\/\/www.baerenfunk.de\/wp-content\/uploads\/2024\/04\/p4130302.jpg 2048w\" sizes=\"(max-width: 767px) 89vw, (max-width: 1000px) 54vw, (max-width: 1071px) 543px, 580px\" \/><\/figure>\n<\/figure>\n\n\n\n<figure class=\"wp-block-gallery has-nested-images columns-default is-cropped wp-block-gallery-2 is-layout-flex wp-block-gallery-is-layout-flex\">\n<figure class=\"wp-block-image size-large\"><img loading=\"lazy\" decoding=\"async\" width=\"1024\" height=\"768\" data-id=\"2596\" src=\"https:\/\/www.baerenfunk.de\/wp-content\/uploads\/2024\/04\/photo_2024-04-26_21-58-14-1024x768.jpg\" alt=\"\" class=\"wp-image-2596\" srcset=\"https:\/\/www.baerenfunk.de\/wp-content\/uploads\/2024\/04\/photo_2024-04-26_21-58-14-1024x768.jpg 1024w, https:\/\/www.baerenfunk.de\/wp-content\/uploads\/2024\/04\/photo_2024-04-26_21-58-14-300x225.jpg 300w, https:\/\/www.baerenfunk.de\/wp-content\/uploads\/2024\/04\/photo_2024-04-26_21-58-14-768x576.jpg 768w, https:\/\/www.baerenfunk.de\/wp-content\/uploads\/2024\/04\/photo_2024-04-26_21-58-14.jpg 1280w\" sizes=\"(max-width: 767px) 89vw, (max-width: 1000px) 54vw, (max-width: 1071px) 543px, 580px\" \/><\/figure>\n\n\n\n<figure class=\"wp-block-image size-large\"><img loading=\"lazy\" decoding=\"async\" width=\"1024\" height=\"768\" data-id=\"2597\" src=\"https:\/\/www.baerenfunk.de\/wp-content\/uploads\/2024\/04\/photo_2024-04-26_21-39-23-1024x768.jpg\" alt=\"\" class=\"wp-image-2597\" srcset=\"https:\/\/www.baerenfunk.de\/wp-content\/uploads\/2024\/04\/photo_2024-04-26_21-39-23-1024x768.jpg 1024w, https:\/\/www.baerenfunk.de\/wp-content\/uploads\/2024\/04\/photo_2024-04-26_21-39-23-300x225.jpg 300w, https:\/\/www.baerenfunk.de\/wp-content\/uploads\/2024\/04\/photo_2024-04-26_21-39-23-768x576.jpg 768w, https:\/\/www.baerenfunk.de\/wp-content\/uploads\/2024\/04\/photo_2024-04-26_21-39-23.jpg 1280w\" sizes=\"(max-width: 767px) 89vw, (max-width: 1000px) 54vw, (max-width: 1071px) 543px, 580px\" \/><\/figure>\n\n\n\n<figure class=\"wp-block-image size-large\"><img loading=\"lazy\" decoding=\"async\" width=\"1024\" height=\"768\" data-id=\"2598\" src=\"https:\/\/www.baerenfunk.de\/wp-content\/uploads\/2024\/04\/photo_2024-04-26_21-39-56-1024x768.jpg\" alt=\"\" class=\"wp-image-2598\" srcset=\"https:\/\/www.baerenfunk.de\/wp-content\/uploads\/2024\/04\/photo_2024-04-26_21-39-56-1024x768.jpg 1024w, https:\/\/www.baerenfunk.de\/wp-content\/uploads\/2024\/04\/photo_2024-04-26_21-39-56-300x225.jpg 300w, https:\/\/www.baerenfunk.de\/wp-content\/uploads\/2024\/04\/photo_2024-04-26_21-39-56-768x576.jpg 768w, https:\/\/www.baerenfunk.de\/wp-content\/uploads\/2024\/04\/photo_2024-04-26_21-39-56.jpg 1280w\" sizes=\"(max-width: 767px) 89vw, (max-width: 1000px) 54vw, (max-width: 1071px) 543px, 580px\" \/><\/figure>\n\n\n\n<figure class=\"wp-block-image size-large\"><img loading=\"lazy\" decoding=\"async\" width=\"1024\" height=\"768\" data-id=\"2599\" src=\"https:\/\/www.baerenfunk.de\/wp-content\/uploads\/2024\/04\/photo_2024-04-26_21-57-53-1024x768.jpg\" alt=\"\" class=\"wp-image-2599\" srcset=\"https:\/\/www.baerenfunk.de\/wp-content\/uploads\/2024\/04\/photo_2024-04-26_21-57-53-1024x768.jpg 1024w, https:\/\/www.baerenfunk.de\/wp-content\/uploads\/2024\/04\/photo_2024-04-26_21-57-53-300x225.jpg 300w, https:\/\/www.baerenfunk.de\/wp-content\/uploads\/2024\/04\/photo_2024-04-26_21-57-53-768x576.jpg 768w, https:\/\/www.baerenfunk.de\/wp-content\/uploads\/2024\/04\/photo_2024-04-26_21-57-53.jpg 1280w\" sizes=\"(max-width: 767px) 89vw, (max-width: 1000px) 54vw, (max-width: 1071px) 543px, 580px\" \/><\/figure>\n<\/figure>\n","protected":false},"excerpt":{"rendered":"<p>Eigentlich hatten wir ja unseren Regenfieldday f\u00fcr das Fr\u00fchjahr geplant. Aber leider ist der Regen ausgefallen und wir mussten unsere Zeit bei sch\u00f6nem Wetter am Humboldtsee verbringen. Ging auch. Die &hellip; <\/p>\n<p class=\"link-more\"><a href=\"https:\/\/www.baerenfunk.de\/index.php\/fruehlingsfieldday-2024\/\" class=\"more-link\"><span class=\"screen-reader-text\">\u201eFr\u00fchlingsfieldday 2024\u201c<\/span> weiterlesen<\/a><\/p>\n","protected":false},"author":1,"featured_media":0,"parent":0,"menu_order":0,"comment_status":"closed","ping_status":"closed","template":"","meta":{"footnotes":""},"_links":{"self":[{"href":"https:\/\/www.baerenfunk.de\/index.php\/wp-json\/wp\/v2\/pages\/2585"}],"collection":[{"href":"https:\/\/www.baerenfunk.de\/index.php\/wp-json\/wp\/v2\/pages"}],"about":[{"href":"https:\/\/www.baerenfunk.de\/index.php\/wp-json\/wp\/v2\/types\/page"}],"author":[{"embeddable":true,"href":"https:\/\/www.baerenfunk.de\/index.php\/wp-json\/wp\/v2\/users\/1"}],"replies":[{"embeddable":true,"href":"https:\/\/www.baerenfunk.de\/index.php\/wp-json\/wp\/v2\/comments?post=2585"}],"version-history":[{"count":3,"href":"https:\/\/www.baerenfunk.de\/index.php\/wp-json\/wp\/v2\/pages\/2585\/revisions"}],"predecessor-version":[{"id":2605,"href":"https:\/\/www.baerenfunk.de\/index.php\/wp-json\/wp\/v2\/pages\/2585\/revisions\/2605"}],"wp:attachment":[{"href":"https:\/\/www.baerenfunk.de\/index.php\/wp-json\/wp\/v2\/media?parent=2585"}],"curies":[{"name":"wp","href":"https:\/\/api.w.org\/{rel}","templated":true}]}}