{"id":1439,"date":"2020-04-19T16:35:12","date_gmt":"2020-04-19T15:35:12","guid":{"rendered":"https:\/\/www.baerenfunk.de\/?page_id=1439"},"modified":"2020-08-01T11:45:06","modified_gmt":"2020-08-01T10:45:06","slug":"kursarchiv-online-kurs","status":"publish","type":"page","link":"https:\/\/www.baerenfunk.de\/index.php\/kursarchiv-online-kurs\/","title":{"rendered":"Kursarchiv Online-Kurs E-Lizenz 2020"},"content":{"rendered":"\n<p>Hier findet Ihr die Aufzeichnungen der einzelnen Kurstage sowie Links auf anderes Videomaterial zum Thema Amateurfunk. <br>Die Aufzeichnungen von den Online-Meetinges des Lizenzkurses sind mit Passwort gesch\u00fctzt und nur f\u00fcr die Teilnehmer des Kurses zug\u00e4nglich.<\/p>\n\n\n\n<p><strong>Aufzeichnungen des E-Lizenzkurses 2020<\/strong><\/p>\n\n\n\n<p><strong>19.04.2020 &#8211; Technische Tests, Vorstellungsrunde, Orga:<\/strong> <a href=\"https:\/\/1drv.ms\/v\/s!AoldtWCprzVNi78-YeHIBRIdF9fg5A?e=c42ehZ\">hier<\/a><\/p>\n\n\n\n<p><strong>26.04.2020 &#8211; Mathem. Grundlagen, Spannung, Strom, Wechselspannung<\/strong>: <a href=\"https:\/\/1drv.ms\/v\/s!AoldtWCprzVNi79I7gK2C1PO--f7MA?e=1fVbrH\">hier<\/a><\/p>\n\n\n\n<p><strong>03.05.2020 &#8211; Ohmsches Gesetz, Leistung, Arbeit, Widerstand, Q-Schl\u00fcssel, Betriebliche Abk\u00fcrzungen<\/strong>: <a rel=\"noreferrer noopener\" aria-label=\"Hier (\u00f6ffnet in neuem Tab)\" href=\"https:\/\/1drv.ms\/v\/s!AoldtWCprzVNi79ZkhlX-oZqMxCngw?e=d48LgG\" target=\"_blank\">Hier<\/a><\/p>\n\n\n\n<p><strong>10.05.2020 &#8211; Kondensator, Spule, Transformator, Gesetzeskunde, Betriebstechnik<\/strong> : <a href=\"https:\/\/1drv.ms\/v\/s!AoldtWCprzVNi79a0jvp9Cz72ouHaA?e=0Vqohs\" target=\"_blank\" rel=\"noreferrer noopener\" aria-label=\"Hier. (\u00f6ffnet in neuem Tab)\">Hier.<\/a><\/p>\n\n\n\n<p><strong>17.05.2020 &#8211; Elektromagnetisches Feld, Schwingkreis, Filter, Rufzeichen und Landeskenner<\/strong>: <a href=\"https:\/\/1drv.ms\/v\/s!AoldtWCprzVNi8BuB7pHvakLDPT2GA?e=kPB326\" target=\"_blank\" rel=\"noreferrer noopener\" aria-label=\"Hier.  (\u00f6ffnet in neuem Tab)\">Hier. <\/a><\/p>\n\n\n\n<p><strong>24.05.2020: Wellenausbreitung, Dezibel, D\u00e4mpfung, Kabel, Funkbetrieb im Ausland, Amateurfunkstellen<\/strong>. <a rel=\"noreferrer noopener\" aria-label=\"Hier. (\u00f6ffnet in neuem Tab)\" href=\"https:\/\/1drv.ms\/v\/s!AoldtWCprzVNi8Njc3OdHtJB9lOg1g?e=T2tPGf\" target=\"_blank\">Hier.<\/a><\/p>\n\n\n\n<p><strong>07.06.2020 &#8211; Antennentechnik, Betriebsarten, Sendearten, Frequenzen, Bandpl\u00e4ne, Frequenznutzungspl\u00e4ne:<\/strong> <a rel=\"noreferrer noopener\" aria-label=\"Hier. (\u00f6ffnet in neuem Tab)\" href=\"https:\/\/1drv.ms\/v\/s!AoldtWCprzVNi8NsgsLVHSq9SGurGQ?e=iNng2g\" target=\"_blank\">Hier.<\/a><\/p>\n\n\n\n<p><strong>14.06.2020 &#8211; Halbleiter, Diode, Betriebsabwicklung auf Kurzwelle, Modulation, Demodulation, Betriebsabwicklung VHF, UHF<\/strong>: <a rel=\"noreferrer noopener\" aria-label=\"Hier (\u00f6ffnet in neuem Tab)\" href=\"https:\/\/1drv.ms\/v\/s!AoldtWCprzVNi8N5AoAxDinWbazZVw?e=HnB0Ka\" target=\"_blank\">Hier<\/a><\/p>\n\n\n\n<p><strong>21.06.2020 &#8211; Transistor, Verst\u00e4rker, Betriebsarten, Dig. Betriebsarten<\/strong>&#8230;<br><a href=\"https:\/\/1drv.ms\/v\/s!AoldtWCprzVNi_Ah1Um1K4yzJgPxrg?e=ZxnVqM\" target=\"_blank\" rel=\"noreferrer noopener\" aria-label=\"Hier: (\u00f6ffnet in neuem Tab)\">Hier:<\/a><\/p>\n\n\n\n<p><strong>28.06.2020 &#8211; Sender- und Empf\u00e4ngertechnik, RST-System, UTC, Logbuch, QSL-Karte<\/strong><br><a href=\"https:\/\/1drv.ms\/v\/s!AoldtWCprzVNi-t1WIL1kJZWM4wAHQ?e=FgyEWL\" target=\"_blank\" rel=\"noreferrer noopener\" aria-label=\"Hier: (\u00f6ffnet in neuem Tab)\">Hier:<\/a><\/p>\n\n\n\n<p><strong>05.07.2020 &#8211; Messtechik, EMV und Sicherheit, St\u00f6rungen, EMV, EMVU, Sicherheit<\/strong><br><a href=\"https:\/\/1drv.ms\/v\/s!AoldtWCprzVNi-t0hoq0OI-AB3SYaA?e=9gd9D4\" target=\"_blank\" rel=\"noreferrer noopener\" aria-label=\"Hier: (\u00f6ffnet in neuem Tab)\">Hier:<\/a><\/p>\n\n\n\n<p><strong>12.07.2020<\/strong> &#8211; <strong>EMV und Sicherheit, Weitere Vereinbarungen<\/strong>&#8230;<br><a href=\"https:\/\/1drv.ms\/v\/s!AoldtWCprzVNi_AffmaC3vNV7V_NYg?e=3Sze1C\" target=\"_blank\" rel=\"noreferrer noopener\" aria-label=\"Hier: (\u00f6ffnet in neuem Tab)\">Hier:<\/a><\/p>\n\n\n\n<p><\/p>\n","protected":false},"excerpt":{"rendered":"<p>Hier findet Ihr die Aufzeichnungen der einzelnen Kurstage sowie Links auf anderes Videomaterial zum Thema Amateurfunk. Die Aufzeichnungen von den Online-Meetinges des Lizenzkurses sind mit Passwort gesch\u00fctzt und nur f\u00fcr &hellip; <\/p>\n<p class=\"link-more\"><a href=\"https:\/\/www.baerenfunk.de\/index.php\/kursarchiv-online-kurs\/\" class=\"more-link\"><span class=\"screen-reader-text\">\u201eKursarchiv Online-Kurs E-Lizenz 2020\u201c<\/span> weiterlesen<\/a><\/p>\n","protected":false},"author":1,"featured_media":0,"parent":0,"menu_order":0,"comment_status":"closed","ping_status":"closed","template":"","meta":{"footnotes":""},"_links":{"self":[{"href":"https:\/\/www.baerenfunk.de\/index.php\/wp-json\/wp\/v2\/pages\/1439"}],"collection":[{"href":"https:\/\/www.baerenfunk.de\/index.php\/wp-json\/wp\/v2\/pages"}],"about":[{"href":"https:\/\/www.baerenfunk.de\/index.php\/wp-json\/wp\/v2\/types\/page"}],"author":[{"embeddable":true,"href":"https:\/\/www.baerenfunk.de\/index.php\/wp-json\/wp\/v2\/users\/1"}],"replies":[{"embeddable":true,"href":"https:\/\/www.baerenfunk.de\/index.php\/wp-json\/wp\/v2\/comments?post=1439"}],"version-history":[{"count":21,"href":"https:\/\/www.baerenfunk.de\/index.php\/wp-json\/wp\/v2\/pages\/1439\/revisions"}],"predecessor-version":[{"id":1526,"href":"https:\/\/www.baerenfunk.de\/index.php\/wp-json\/wp\/v2\/pages\/1439\/revisions\/1526"}],"wp:attachment":[{"href":"https:\/\/www.baerenfunk.de\/index.php\/wp-json\/wp\/v2\/media?parent=1439"}],"curies":[{"name":"wp","href":"https:\/\/api.w.org\/{rel}","templated":true}]}}