{"id":120,"date":"2018-09-15T12:27:15","date_gmt":"2018-09-15T10:27:15","guid":{"rendered":"http:\/\/www.baerenfunk.de\/?page_id=120"},"modified":"2023-11-09T16:30:06","modified_gmt":"2023-11-09T15:30:06","slug":"ueber_uns","status":"publish","type":"page","link":"https:\/\/www.baerenfunk.de\/index.php\/ueber_uns\/","title":{"rendered":"Wer wir sind&#8230;"},"content":{"rendered":"<p>Wir sind die Funkamateure des Ortsverbandes H48 im DARC e.V. in Hannover, haben aber auch viele Freunde und F\u00f6rderer, die nicht Mitglied im DARC. e.V. sind.<\/p>\n<p>In Hannover-Linden gibt es einen Platz namens &#8222;Schwarzer B\u00e4r&#8220; . Wir f\u00fchlen uns Hannover-Linden verbunden und haben uns daher den Namen &#8222;Hannover Schwarzer B\u00e4r&#8220; gegeben.<br \/>Wir sind einer der kleineren Ortsverb\u00e4nde in Hannover &#8211; unser wesentliches Ziel ist:\u00a0 Gemeinsam Spa\u00df bei allen funkerischen Aktivit\u00e4ten zu haben und unser technisches Know-How zu pflegen.<\/p>\n<p>Mitglieder aus unseren Reihen betreuen das Multimode-Relais DB0TVH im Zentrum von Hannover, das in FM, DMR (im Brandmeister-Netz),\u00a0 C4FM (im Yaesu Wires-X Netz), D-STAR (XLX339)\u00a0 und in ATV QRV ist.<\/p>\n<p>Wir kooperieren mit dem ASB Hannover im Bereich des Notfunks und des Katastrophenschutzes.<\/p>\n<p>Unser OV-Treffen findet immer am 2. Mittwoch im Monat ab ca. 18:30 Uhr statt.<\/p>\n<p>Der Ortsverband H48 Hannover Schwarzer B\u00e4r ist eine nicht selbstst\u00e4ndige Untergliederung des Deutschen Amateur Radio Clubs DARC e.V.<\/p>\n<p>Kontakt: email an df1oe(\u00e4t)live.de<\/p>\n\n\n<figure class=\"wp-block-image\"><img loading=\"lazy\" decoding=\"async\" width=\"1024\" height=\"575\" src=\"https:\/\/www.baerenfunk.de\/wp-content\/uploads\/2018\/08\/wp_20140611_006_kopie-1024x575.jpg\" alt=\"Antennenaufbau bei DL0TY\" class=\"wp-image-108\" srcset=\"https:\/\/www.baerenfunk.de\/wp-content\/uploads\/2018\/08\/wp_20140611_006_kopie-1024x575.jpg 1024w, https:\/\/www.baerenfunk.de\/wp-content\/uploads\/2018\/08\/wp_20140611_006_kopie-300x169.jpg 300w, https:\/\/www.baerenfunk.de\/wp-content\/uploads\/2018\/08\/wp_20140611_006_kopie-768x431.jpg 768w, https:\/\/www.baerenfunk.de\/wp-content\/uploads\/2018\/08\/wp_20140611_006_kopie-1568x881.jpg 1568w\" sizes=\"(max-width: 767px) 89vw, (max-width: 1000px) 54vw, (max-width: 1071px) 543px, 580px\" \/><figcaption class=\"wp-element-caption\">Antennenaufbau bei DL0TY<\/figcaption><\/figure>\n","protected":false},"excerpt":{"rendered":"<p>Wir sind die Funkamateure des Ortsverbandes H48 im DARC e.V. in Hannover, haben aber auch viele Freunde und F\u00f6rderer, die nicht Mitglied im DARC. e.V. sind. In Hannover-Linden gibt es &hellip; <\/p>\n<p class=\"link-more\"><a href=\"https:\/\/www.baerenfunk.de\/index.php\/ueber_uns\/\" class=\"more-link\"><span class=\"screen-reader-text\">\u201eWer wir sind&#8230;\u201c<\/span> weiterlesen<\/a><\/p>\n","protected":false},"author":1,"featured_media":0,"parent":0,"menu_order":0,"comment_status":"closed","ping_status":"closed","template":"","meta":{"footnotes":""},"_links":{"self":[{"href":"https:\/\/www.baerenfunk.de\/index.php\/wp-json\/wp\/v2\/pages\/120"}],"collection":[{"href":"https:\/\/www.baerenfunk.de\/index.php\/wp-json\/wp\/v2\/pages"}],"about":[{"href":"https:\/\/www.baerenfunk.de\/index.php\/wp-json\/wp\/v2\/types\/page"}],"author":[{"embeddable":true,"href":"https:\/\/www.baerenfunk.de\/index.php\/wp-json\/wp\/v2\/users\/1"}],"replies":[{"embeddable":true,"href":"https:\/\/www.baerenfunk.de\/index.php\/wp-json\/wp\/v2\/comments?post=120"}],"version-history":[{"count":9,"href":"https:\/\/www.baerenfunk.de\/index.php\/wp-json\/wp\/v2\/pages\/120\/revisions"}],"predecessor-version":[{"id":2399,"href":"https:\/\/www.baerenfunk.de\/index.php\/wp-json\/wp\/v2\/pages\/120\/revisions\/2399"}],"wp:attachment":[{"href":"https:\/\/www.baerenfunk.de\/index.php\/wp-json\/wp\/v2\/media?parent=120"}],"curies":[{"name":"wp","href":"https:\/\/api.w.org\/{rel}","templated":true}]}}